{"id":13909,"date":"2026-03-06T13:32:13","date_gmt":"2026-03-06T12:32:13","guid":{"rendered":"https:\/\/www.silfra-consulting.com\/?page_id=13909"},"modified":"2026-03-08T17:55:25","modified_gmt":"2026-03-08T16:55:25","slug":"change-management-certification-program","status":"publish","type":"page","link":"https:\/\/www.silfra-consulting.com\/sk\/change-management-certification-program\/","title":{"rendered":"Change Management Certification Program"},"content":{"rendered":"<div class=\"wpb-content-wrapper\"><p>[vc_row full_width=&#8221;stretch_row&#8221; css=&#8221;.vc_custom_1568014968477{padding-top: 160px !important;padding-bottom: 120px !important;background-image: url(https:\/\/www.silfra-consulting.com\/wp-content\/uploads\/2019\/09\/ch_bg_09.jpg?id=8022) !important;background-position: center !important;background-repeat: no-repeat !important;background-size: cover !important;}&#8221; el_class=&#8221;terminarz&#8221;][vc_column][vc_empty_space height=&#8221;50px&#8221; el_class=&#8221;slider&#8221;][vc_row_inner css=&#8221;.vc_custom_1513001355456{margin-bottom: 20px !important;}&#8221;][vc_column_inner width=&#8221;1\/6&#8243;][vc_single_image image=&#8221;7366&#8243; img_size=&#8221;full&#8221; el_class=&#8221;imgc&#8221;][\/vc_column_inner][vc_column_inner width=&#8221;3\/6&#8243; css=&#8221;.vc_custom_1515501905560{padding-right: 0px !important;padding-left: 0px !important;}&#8221;][vc_custom_heading text=&#8221;Prosci<sup>\u00ae<\/sup>Change Management Certification Program (3 dni)&#8221; font_container=&#8221;tag:h1|text_align:left|color:%23ffffff&#8221; use_theme_fonts=&#8221;yes&#8221; css=&#8221;.vc_custom_1772984602879{margin-bottom: 10px !important;}&#8221; el_class=&#8221;warszat&#8221;][vc_column_text]<span style=\"color: #ffffff;\">Tento online, interakt\u00edvny, trojd\u0148ov\u00fd vzdel\u00e1vac\u00ed z\u00e1\u017eitok v\u00e1m poskytne vedomosti, zru\u010dnosti a n\u00e1stroje na \u00faspe\u0161n\u00e9 vedenie zmien..<\/span>[\/vc_column_text][\/vc_column_inner][vc_column_inner width=&#8221;2\/6&#8243;][vc_single_image image=&#8221;7352&#8243; img_size=&#8221;full&#8221; alignment=&#8221;right&#8221;][\/vc_column_inner][\/vc_row_inner][\/vc_column][\/vc_row][vc_row css=&#8221;.vc_custom_1564218704987{padding-top: 50px !important;padding-bottom: 50px !important;background-color: #ffffff !important;}&#8221;][vc_column width=&#8221;2\/6&#8243;][vc_empty_space height=&#8221;40px&#8221; el_class=&#8221;slider&#8221;]<header class=\"kd-section-title col-lg-12 text-left solid-line sep-border-width-2 70   \" ><h2 class=\"separator_on\" style=\"color: #1f1f1f;\">Prejdite od te\u00f3rie k praxi... r\u00fdchlo<\/h2><div class=\"kd-separator below_title\" style=\"width:70;\"><div class=\"kd-separator-line\" style=\"border-color:#bc2b26\"><\/div><\/div><\/header>[\/vc_column][vc_column width=&#8221;4\/6&#8243;][vc_empty_space height=&#8221;40px&#8221; el_class=&#8221;slider s&#8221;][vc_column_text css=&#8221;&#8221;]<\/p>\n<p data-path-to-node=\"2\"><b data-path-to-node=\"2\" data-index-in-node=\"0\">Najnav\u0161tevovanej\u0161ia certifik\u00e1cia riadenia zmien na svete<\/b><\/p>\n<p data-path-to-node=\"3\">Certifika\u010dn\u00fd program riadenia zmien od spolo\u010dnosti Prosci v\u00e1m poskytne vedomosti, zru\u010dnosti a n\u00e1stroje, ktor\u00e9 potrebujete na \u00faspe\u0161n\u00e9 vedenie iniciat\u00edv zmien.<\/p>\n<p data-path-to-node=\"4\">Po\u010das tohto trojd\u0148ov\u00e9ho praktick\u00e9ho workshopu aplikujete metodiku riadenia zmien Prosci na jeden zo svojich aktu\u00e1lnych projektov. Okrem toho, \u017ee si osvoj\u00edte osved\u010den\u00e9 postupy spolo\u010dnosti Prosci v oblasti riadenia zmien a z\u00edskate pr\u00edstup k na\u0161im \u0161pi\u010dkov\u00fdm n\u00e1strojom a obsahu, budete m\u00f4c\u0165 po\u010das programu spolo\u010dne s ostatn\u00fdmi \u00fa\u010dastn\u00edkmi zdie\u013ea\u0165 v\u00fdzvy, rie\u0161enia a postrehy. Absolventi z\u00edskaj\u00fa prest\u00ed\u017eny titul Prosci Certified Change Practitioner.<\/p>\n<p>[\/vc_column_text][\/vc_column][\/vc_row][vc_row full_width=&#8221;stretch_row&#8221; css=&#8221;.vc_custom_1569579803290{padding-top: 100px !important;padding-bottom: 70px !important;background-color: #f8f9fb !important;}&#8221;][vc_column width=&#8221;1\/2&#8243;][vc_empty_space height=&#8221;40px&#8221; el_class=&#8221;slider&#8221;]<header class=\"kd-section-title col-lg-12 text-left solid-line sep-border-width-2 40px   \" ><h2 class=\"separator_on\" >Pre koho je program ur\u010den\u00fd?<\/h2><div class=\"kd-separator below_title\" style=\"width:40px;\"><div class=\"kd-separator-line\" style=\"border-color:#bc2b26\"><\/div><\/div><\/header>[vc_empty_space height=&#8221;20px&#8221; el_class=&#8221;none&#8221;][vc_column_text css=&#8221;&#8221;]<\/p>\n<p data-path-to-node=\"1\">Radi priv\u00edtame kohoko\u013evek na Certifika\u010dnom programe riadenia zmien od spolo\u010dnosti Prosci. Tento program pre v\u00e1s bude obzvl\u00e1\u0161\u0165 pr\u00ednosn\u00fd, ak ste zodpovedn\u00ed za vedenie zmien v t\u00edme alebo v celej organiz\u00e1cii.<\/p>\n<p data-path-to-node=\"2\"><strong>Na\u0161imi naj\u010dastej\u0161\u00edmi \u00fa\u010dastn\u00edkmi s\u00fa:<\/strong><\/p>\n<ul data-path-to-node=\"3\">\n<li>\n<p data-path-to-node=\"3,0,0\">L\u00eddri zmien<\/p>\n<\/li>\n<li>\n<p data-path-to-node=\"3,1,0\">Projektov\u00ed mana\u017e\u00e9ri<\/p>\n<\/li>\n<li>\n<p data-path-to-node=\"3,2,0\">\u0160pecialisti na riadenie zmien (alebo: Praktici v oblasti riadenia zmien)<\/p>\n<\/li>\n<li>\n<p data-path-to-node=\"3,3,0\">\u0160pecialisti na neust\u00e1le zlep\u0161ovanie<\/p>\n<\/li>\n<li>\n<p data-path-to-node=\"3,4,0\">IT profesion\u00e1li<\/p>\n<\/li>\n<li>\n<p data-path-to-node=\"3,5,0\">HR biznis partneri<\/p>\n<\/li>\n<li>\n<p data-path-to-node=\"3,6,0\">\u0160pecialisti na rozvoj organiz\u00e1cie<\/p>\n<\/li>\n<li>\n<p data-path-to-node=\"3,7,0\">\u010clenovia projektov\u00fdch t\u00edmov<\/p>\n<\/li>\n<\/ul>\n<p data-path-to-node=\"4\"><b data-path-to-node=\"4\" data-index-in-node=\"0\">Z\u00fa\u010dastnite sa s kolegom<\/b><\/p>\n<p data-path-to-node=\"4\">Ak sa z\u00fa\u010dastn\u00edte programu v rovnakom term\u00edne s jedn\u00fdm alebo viacer\u00fdmi kolegami, ka\u017ed\u00fd \u010dlen v\u00e1\u0161ho t\u00edmu z\u00edska z\u013eavu.<\/p>\n<p>[\/vc_column_text][\/vc_column][vc_column width=&#8221;1\/2&#8243;][vc_empty_space height=&#8221;40px&#8221; el_class=&#8221;slider&#8221;]<header class=\"kd-section-title col-lg-12 text-left solid-line sep-border-width-2 40px   \" ><h2 class=\"separator_on\" >Harmonogram programu (3 dni)<\/h2><div class=\"kd-separator below_title\" style=\"width:40px;\"><div class=\"kd-separator-line\" style=\"border-color:#bc2b26\"><\/div><\/div><\/header>[vc_empty_space height=&#8221;20px&#8221; el_class=&#8221;none&#8221;][vc_toggle title=&#8221;1. de\u0148&#8221; open=&#8221;true&#8221; css=&#8221;&#8221;]<\/p>\n<ul>\n<li>Priv\u00edtanie a zozn\u00e1menie<\/li>\n<li>Z\u00e1klady<\/li>\n<li>Model PCT<\/li>\n<li>Model ADKAR<\/li>\n<li>3-f\u00e1zov\u00fd proces Prosci: F\u00e1za 1 \u2013 Pr\u00edprava pr\u00edstupu<\/li>\n<li>Overenie vedomost\u00ed<\/li>\n<\/ul>\n<p>[\/vc_toggle][vc_toggle title=&#8221;2. de\u0148&#8221; open=&#8221;true&#8221; css=&#8221;&#8221;]<\/p>\n<ul>\n<li>Zhrnutie 1. d\u0148a<\/li>\n<li>3-f\u00e1zov\u00fd proces Prosci: F\u00e1za 1 \u2013 Pr\u00edprava pr\u00edstupu<\/li>\n<li>3-f\u00e1zov\u00fd proces Prosci: F\u00e1za 2 \u2013 Riadenie zmeny<\/li>\n<li>Overenie vedomost\u00ed<\/li>\n<\/ul>\n<p>[\/vc_toggle][vc_toggle title=&#8221;3. de\u0148&#8221; open=&#8221;true&#8221; css=&#8221;&#8221;]<\/p>\n<ul>\n<li>Zhrnutie 2. d\u0148a<\/li>\n<li>3-f\u00e1zov\u00fd proces Prosci: F\u00e1za 2 \u2013 Riadenie zmeny<\/li>\n<li>3-f\u00e1zov\u00fd proces Prosci: F\u00e1za 3 \u2013 Udr\u017eanie v\u00fdsledkov<\/li>\n<li>Prezent\u00e1cie (lub: Prezentovanie projektov)<\/li>\n<li>\u010eal\u0161ie kroky a hodnotenie<\/li>\n<li>Sl\u00e1vnostn\u00e9 ukon\u010denie<\/li>\n<\/ul>\n<p>[\/vc_toggle][vc_column_text css=&#8221;&#8221;]<b data-path-to-node=\"1\" data-index-in-node=\"0\">Pozn\u00e1mka k \u010dasov\u00fdm po\u017eiadavk\u00e1m:<\/b><\/p>\n<p>Po\u010das vyhraden\u00e9ho \u010dasu v\u00fdu\u010dby budete musie\u0165 by\u0165 online pribli\u017ene 8 hod\u00edn denne. Okrem toho bude potrebn\u00e9, aby ste v 1. a 2. de\u0148 venovali pribli\u017ene 1 hodinu samo\u0161t\u00fadiu.[\/vc_column_text][\/vc_column][\/vc_row][vc_row full_width=&#8221;stretch_row&#8221; css=&#8221;.vc_custom_1569579798885{padding-bottom: 100px !important;background-color: #f8f9fb !important;}&#8221;][vc_column width=&#8221;1\/2&#8243;]<header class=\"kd-section-title col-lg-12 text-left solid-line sep-border-width-2 40px   \" ><h2 class=\"separator_on\" >Ciele vzdel\u00e1vania<\/h2><div class=\"kd-separator below_title\" style=\"width:40px;\"><div class=\"kd-separator-line\" style=\"border-color:#bc2b26\"><\/div><\/div><\/header>[vc_column_text css=&#8221;&#8221;]Po\u010das Certifika\u010dn\u00e9ho programu riadenia zmien \u00fa\u010dastn\u00edci zistia, ako:[\/vc_column_text][vc_empty_space height=&#8221;20px&#8221; el_class=&#8221;none&#8221;][vc_column_text css=&#8221;&#8221; el_class=&#8221;blue&#8221;]<\/p>\n<ul>\n<li>Definova\u0165 riadenie zmien<\/li>\n<li>Vysvetli\u0165 hodnotu riadenia zmien<\/li>\n<li>Aplikova\u0165 model Prosci ADKAR\u00ae na podporu individu\u00e1lnej zmeny<\/li>\n<li>Aplikova\u0165 3-f\u00e1zov\u00fd proces Prosci pre organiza\u010dn\u00fa zmenu<\/li>\n<li>Aktivova\u0165 roly, ktor\u00e9 prispievaj\u00fa k \u00faspe\u0161nej zmene<\/li>\n<li>Sformulova\u0165 z\u00e1klady pl\u00e1nu riadenia zmien pre konkr\u00e9tny projekt<\/li>\n<\/ul>\n<p>[\/vc_column_text][\/vc_column][vc_column width=&#8221;1\/2&#8243;]<header class=\"kd-section-title col-lg-12 text-left solid-line sep-border-width-2 40px   \" ><h2 class=\"separator_on\" >\u0160koliace materi\u00e1ly<\/h2><div class=\"kd-separator below_title\" style=\"width:40px;\"><div class=\"kd-separator-line\" style=\"border-color:#bc2b26\"><\/div><\/div><\/header>[vc_empty_space height=&#8221;20px&#8221; el_class=&#8221;none&#8221;][vc_column_text css=&#8221;&#8221; el_class=&#8221;blue&#8221;]<\/p>\n<p data-path-to-node=\"1\"><b data-path-to-node=\"1\" data-index-in-node=\"0\">Ako \u00fa\u010dastn\u00edk kurzu z\u00edskate pr\u00edstup k \u0161pi\u010dkov\u00e9mu obsahu a n\u00e1strojom:<\/b><\/p>\n<ul data-path-to-node=\"2\">\n<li>\n<p data-path-to-node=\"2,0,0\">Pracovn\u00fd zo\u0161it a \u0161koliace materi\u00e1ly k programu<\/p>\n<\/li>\n<li>\n<p data-path-to-node=\"2,1,0\">Predplatn\u00e9 digit\u00e1lneho obsahu, zdrojov a n\u00e1strojov v r\u00e1mci platformy Prosci Hub Solution Suite, vr\u00e1tane:<\/p>\n<ul data-path-to-node=\"2,1,1\">\n<li>\n<p data-path-to-node=\"2,1,1,0,0\"><b data-path-to-node=\"2,1,1,0,0\" data-index-in-node=\"0\">Research Hub<\/b> \u2013 digit\u00e1lne verzie publik\u00e1cie <i data-path-to-node=\"2,1,1,0,0\" data-index-in-node=\"43\">Best Practices in Change Management \u2013 11th Edition<\/i> (Najlep\u0161ie postupy v riaden\u00ed zmien \u2013 11. vydanie), tematick\u00e9 \u0161t\u00fadie a relevantn\u00e9 \u00fadaje zo \u0161irok\u00e9ho spektra t\u00e9m<\/p>\n<\/li>\n<li>\n<p data-path-to-node=\"2,1,1,1,0\"><b data-path-to-node=\"2,1,1,1,0\" data-index-in-node=\"0\">Knowledge Hub<\/b> \u2013 Practitioner Program<\/p>\n<\/li>\n<li>\n<p data-path-to-node=\"2,1,1,2,0\"><b data-path-to-node=\"2,1,1,2,0\" data-index-in-node=\"0\">Proxima<\/b><\/p>\n<\/li>\n<\/ul>\n<\/li>\n<\/ul>\n<p>[\/vc_column_text][\/vc_column][\/vc_row][vc_row full_width=&#8221;stretch_row&#8221; css=&#8221;.vc_custom_1585592788031{padding-top: 100px !important;padding-bottom: 100px !important;background-color: #ffffff !important;}&#8221; el_class=&#8221;contactm&#8221;][vc_column width=&#8221;1\/2&#8243;][vc_empty_space height=&#8221;40px&#8221; el_class=&#8221;slider&#8221;]<header class=\"kd-section-title col-lg-12 text-left solid-line sep-border-width-2 40px   \" ><h2 class=\"separator_on\" >Najbli\u017e\u0161ie term\u00edny \u0161kolen\u00ed<\/h2><div class=\"kd-separator below_title\" style=\"width:40px;\"><div class=\"kd-separator-line\" style=\"border-color:#bc2b26\"><\/div><\/div><\/header>[vc_empty_space height=&#8221;20px&#8221; el_class=&#8221;none&#8221;][vc_row_inner][vc_column_inner el_class=&#8221;termin&#8221;][vc_single_image image=&#8221;9539&#8243; img_size=&#8221;full&#8221;][vc_column_text css=&#8221;.vc_custom_1772988921558{padding-top: 10px !important;padding-right: 30px !important;padding-bottom: 10px !important;padding-left: 30px !important;}&#8221;]Pozrite si <a href=\"https:\/\/www.silfra-consulting.com\/en\/dates-of-prosci-workshops\/\">kalend\u00e1r term\u00ednov<\/a> a prihl\u00e1ste sa!<\/p>\n<p><a href=\"https:\/\/www.silfra-consulting.com\/sk\/warsztaty\/change-management-certification-program\/\"><strong><span class=\"tribe-event-date-start\">25.05<\/span>&nbsp;&#8211;&nbsp;<span class=\"tribe-event-date-end\">27.05 Bratislava (sloven\u010dina)<\/span><\/strong><\/a>[\/vc_column_text]<a  href=\"https:\/\/www.silfra-consulting.com\/en\/registration-form\/\"  target=\"_self\"  title=\"Fill the form\" class=\"tt_button  btn_secondary_color hover_solid_primary pull-left  buttonp\" ><span class=\"prim_text\">Prihl\u00e1si\u0165 sa<\/span><span class=\" iconita\"><\/span><\/a>[\/vc_column_inner][\/vc_row_inner][\/vc_column][vc_column width=&#8221;1\/2&#8243; el_class=&#8221;formularz&#8221;][vc_empty_space height=&#8221;40px&#8221; el_class=&#8221;slider&#8221;]<header class=\"kd-section-title col-lg-12 text-left solid-line sep-border-width-2 40px   \" ><h2 class=\"separator_on\" >Kontakt<\/h2><div class=\"kd-separator below_title\" style=\"width:40px;\"><div class=\"kd-separator-line\" style=\"border-color:#bc2b26\"><\/div><\/div><\/header>[vc_empty_space height=&#8221;20px&#8221; el_class=&#8221;none&#8221;][vc_column_text el_class=&#8221;blue&#8221;]<\/p>\n<h5>Piotr Parys<\/h5>\n<h5>T: <a href=\"tel:+48 694 459 476\">+48 694 459 476<\/a><br \/>\nM: <a href=\"mailto:contact@silfra-consulting.com\">contact@silfra-consulting.com<\/a><\/h5>\n<p>[\/vc_column_text][vc_raw_html]JTNDJTIxLS1IdWJTcG90JTIwQ2FsbC10by1BY3Rpb24lMjBDb2RlJTIwLS0lM0UlM0NzcGFuJTIwY2xhc3MlM0QlMjJocy1jdGEtd3JhcHBlciUyMiUyMGlkJTNEJTIyaHMtY3RhLXdyYXBwZXItNTc5YTFhZDktN2ViNi00NjczLWEwNGUtYzk0NTc1Njc0ZjQyJTIyJTNFJTNDc3BhbiUyMGNsYXNzJTNEJTIyaHMtY3RhLW5vZGUlMjBocy1jdGEtNTc5YTFhZDktN2ViNi00NjczLWEwNGUtYzk0NTc1Njc0ZjQyJTIyJTIwaWQlM0QlMjJocy1jdGEtNTc5YTFhZDktN2ViNi00NjczLWEwNGUtYzk0NTc1Njc0ZjQyJTIyJTNFJTNDJTIxLS0lNUJpZiUyMGx0ZSUyMElFJTIwOCU1RCUzRSUzQ2RpdiUyMGlkJTNEJTIyaHMtY3RhLWllLWVsZW1lbnQlMjIlM0UlM0MlMkZkaXYlM0UlM0MlMjElNUJlbmRpZiU1RC0tJTNFJTNDYSUyMGhyZWYlM0QlMjJodHRwcyUzQSUyRiUyRmN0YS1yZWRpcmVjdC5odWJzcG90LmNvbSUyRmN0YSUyRnJlZGlyZWN0JTJGODQ5ODgxOCUyRjU3OWExYWQ5LTdlYjYtNDY3My1hMDRlLWM5NDU3NTY3NGY0MiUyMiUyMCUzRSUzQ2ltZyUyMGNsYXNzJTNEJTIyaHMtY3RhLWltZyUyMiUyMGlkJTNEJTIyaHMtY3RhLWltZy01NzlhMWFkOS03ZWI2LTQ2NzMtYTA0ZS1jOTQ1NzU2NzRmNDIlMjIlMjBzdHlsZSUzRCUyMmJvcmRlci13aWR0aCUzQTBweCUzQiUyMiUyMHNyYyUzRCUyMmh0dHBzJTNBJTJGJTJGbm8tY2FjaGUuaHVic3BvdC5jb20lMkZjdGElMkZkZWZhdWx0JTJGODQ5ODgxOCUyRjU3OWExYWQ5LTdlYjYtNDY3My1hMDRlLWM5NDU3NTY3NGY0Mi5wbmclMjIlMjAlMjBhbHQlM0QlMjJCb29rJTIwYSUyMGNhbGwlMjB3aXRoJTIwZXhwZXJ0JTIyJTJGJTNFJTNDJTJGYSUzRSUzQyUyRnNwYW4lM0UlM0NzY3JpcHQlMjBjaGFyc2V0JTNEJTIydXRmLTglMjIlMjBzcmMlM0QlMjJodHRwcyUzQSUyRiUyRmpzLmhzY3RhLm5ldCUyRmN0YSUyRmN1cnJlbnQuanMlMjIlM0UlM0MlMkZzY3JpcHQlM0UlM0NzY3JpcHQlMjB0eXBlJTNEJTIydGV4dCUyRmphdmFzY3JpcHQlMjIlM0UlMjBoYnNwdC5jdGEubG9hZCUyODg0OTg4MTglMkMlMjAlMjc1NzlhMWFkOS03ZWI2LTQ2NzMtYTA0ZS1jOTQ1NzU2NzRmNDIlMjclMkMlMjAlN0IlMjJyZWdpb24lMjIlM0ElMjJuYTElMjIlN0QlMjklM0IlMjAlM0MlMkZzY3JpcHQlM0UlM0MlMkZzcGFuJTNFJTNDJTIxLS0lMjBlbmQlMjBIdWJTcG90JTIwQ2FsbC10by1BY3Rpb24lMjBDb2RlJTIwLS0lM0U=[\/vc_raw_html][vc_empty_space height=&#8221;30px&#8221; el_class=&#8221;none&#8221;][vc_empty_space height=&#8221;10px&#8221; el_class=&#8221;slider&#8221;][vc_raw_html]JTNDJTIxLS0lNUJpZiUyMGx0ZSUyMElFJTIwOCU1RCUzRSUwQSUzQ3NjcmlwdCUyMGNoYXJzZXQlM0QlMjJ1dGYtOCUyMiUyMHR5cGUlM0QlMjJ0ZXh0JTJGamF2YXNjcmlwdCUyMiUyMHNyYyUzRCUyMiUyRiUyRmpzLmhzZm9ybXMubmV0JTJGZm9ybXMlMkZ2Mi1sZWdhY3kuanMlMjIlM0UlM0MlMkZzY3JpcHQlM0UlMEElM0MlMjElNUJlbmRpZiU1RC0tJTNFJTBBJTNDc2NyaXB0JTIwY2hhcnNldCUzRCUyMnV0Zi04JTIyJTIwdHlwZSUzRCUyMnRleHQlMkZqYXZhc2NyaXB0JTIyJTIwc3JjJTNEJTIyJTJGJTJGanMuaHNmb3Jtcy5uZXQlMkZmb3JtcyUyRnYyLmpzJTIyJTNFJTNDJTJGc2NyaXB0JTNFJTBBJTNDc2NyaXB0JTNFJTBBJTIwJTIwaGJzcHQuZm9ybXMuY3JlYXRlJTI4JTdCJTBBJTA5cmVnaW9uJTNBJTIwJTIybmExJTIyJTJDJTBBJTA5cG9ydGFsSWQlM0ElMjAlMjI4NDk4ODE4JTIyJTJDJTBBJTA5Zm9ybUlkJTNBJTIwJTIyM2FmOTZmM2ItYzI0My00MmQyLTliOWItODBmMTRlNWY1MTgyJTIyJTBBJTdEJTI5JTNCJTBBJTNDJTJGc2NyaXB0JTNF[\/vc_raw_html][vc_empty_space height=&#8221;40px&#8221; el_class=&#8221;slider&#8221;][\/vc_column][\/vc_row]<\/p>\n<\/div>","protected":false},"excerpt":{"rendered":"<p>[vc_row full_width=&#8221;stretch_row&#8221; css=&#8221;.vc_custom_1568014968477{padding-top: 160px !important;padding-bottom: 120px !important;background-image: url(https:\/\/www.silfra-consulting.com\/wp-content\/uploads\/2019\/09\/ch_bg_09.jpg?id=8022) !important;background-position: center !important;background-repeat: no-repeat !important;background-size: cover !important;}&#8221; el_class=&#8221;terminarz&#8221;][vc_column][vc_empty_space height=&#8221;50px&#8221; el_class=&#8221;slider&#8221;][vc_row_inner css=&#8221;.vc_custom_1513001355456{margin-bottom: 20px !important;}&#8221;][vc_column_inner width=&#8221;1\/6&#8243;][vc_single_image image=&#8221;7366&#8243; img_size=&#8221;full&#8221; el_class=&#8221;imgc&#8221;][\/vc_column_inner][vc_column_inner width=&#8221;3\/6&#8243; css=&#8221;.vc_custom_1515501905560{padding-right: [&hellip;]<\/p>\n","protected":false},"author":14,"featured_media":0,"parent":0,"menu_order":0,"comment_status":"closed","ping_status":"closed","template":"","meta":{"_acf_changed":false,"content-type":"","footnotes":""},"class_list":["post-13909","page","type-page","status-publish","hentry"],"acf":[],"_links":{"self":[{"href":"https:\/\/www.silfra-consulting.com\/sk\/wp-json\/wp\/v2\/pages\/13909","targetHints":{"allow":["GET"]}}],"collection":[{"href":"https:\/\/www.silfra-consulting.com\/sk\/wp-json\/wp\/v2\/pages"}],"about":[{"href":"https:\/\/www.silfra-consulting.com\/sk\/wp-json\/wp\/v2\/types\/page"}],"author":[{"embeddable":true,"href":"https:\/\/www.silfra-consulting.com\/sk\/wp-json\/wp\/v2\/users\/14"}],"replies":[{"embeddable":true,"href":"https:\/\/www.silfra-consulting.com\/sk\/wp-json\/wp\/v2\/comments?post=13909"}],"version-history":[{"count":12,"href":"https:\/\/www.silfra-consulting.com\/sk\/wp-json\/wp\/v2\/pages\/13909\/revisions"}],"predecessor-version":[{"id":13941,"href":"https:\/\/www.silfra-consulting.com\/sk\/wp-json\/wp\/v2\/pages\/13909\/revisions\/13941"}],"wp:attachment":[{"href":"https:\/\/www.silfra-consulting.com\/sk\/wp-json\/wp\/v2\/media?parent=13909"}],"curies":[{"name":"wp","href":"https:\/\/api.w.org\/{rel}","templated":true}]}}