{"id":9249,"date":"2020-03-27T14:01:31","date_gmt":"2020-03-27T13:01:31","guid":{"rendered":"https:\/\/www.silfra-consulting.com\/?page_id=9249"},"modified":"2025-04-24T11:32:22","modified_gmt":"2025-04-24T09:32:22","slug":"contact","status":"publish","type":"page","link":"https:\/\/www.silfra-consulting.com\/en\/contact\/","title":{"rendered":"Contact"},"content":{"rendered":"<div class=\"wpb-content-wrapper\"><p>[vc_row full_width=&#8221;stretch_row&#8221; css=&#8221;.vc_custom_1568014511977{padding-top: 160px !important;padding-bottom: 120px !important;background-image: url(https:\/\/www.silfra-consulting.com\/wp-content\/uploads\/2019\/09\/kontakt_bg_09.jpg?id=8008) !important;background-position: center !important;background-repeat: no-repeat !important;background-size: cover !important;}&#8221;][vc_column][vc_empty_space height=&#8221;50px&#8221; el_class=&#8221;slider&#8221;][vc_row_inner css=&#8221;.vc_custom_1513001355456{margin-bottom: 20px !important;}&#8221;][vc_column_inner width=&#8221;1\/6&#8243;][\/vc_column_inner][vc_column_inner el_class=&#8221;tekst&#8221; width=&#8221;2\/3&#8243; css=&#8221;.vc_custom_1564392855017{padding-right: 0px !important;padding-left: 0px !important;}&#8221;][vc_raw_html el_class=&#8221;okruszki&#8221;]JTVCd3BzZW9fYnJlYWRjcnVtYiU1RA==[\/vc_raw_html][vc_custom_heading text=&#8221;Have question?&#8221; font_container=&#8221;tag:h1|text_align:center|color:%23ffffff&#8221; use_theme_fonts=&#8221;yes&#8221; css=&#8221;.vc_custom_1585313892014{margin-bottom: 10px !important;}&#8221;][vc_custom_heading text=&#8221;Feel free to contact us&#8221; font_container=&#8221;tag:p|text_align:center|color:%23ffffff&#8221; use_theme_fonts=&#8221;yes&#8221; css=&#8221;.vc_custom_1585313622216{margin-bottom: 50px !important;}&#8221;][\/vc_column_inner][vc_column_inner width=&#8221;1\/6&#8243;][\/vc_column_inner][\/vc_row_inner][\/vc_column][\/vc_row][vc_row el_class=&#8221;kontakt&#8221; css=&#8221;.vc_custom_1565683557112{margin-top: -100px !important;padding-top: 25px !important;}&#8221;][vc_column width=&#8221;1\/3&#8243; css=&#8221;.vc_custom_1569513580488{padding-top: 20px !important;padding-right: 25px !important;padding-bottom: 20px !important;padding-left: 30px !important;background-color: #ffffff !important;border-radius: 4px !important;}&#8221; el_class=&#8221;boxcontact&#8221;][vc_column_text el_class=&#8221;contactnone&#8221;]<\/p>\n<h4>Krzysztof Ogonowski<\/h4>\n<p>CEO[\/vc_column_text][vc_column_text css=&#8221;.vc_custom_1585647748230{padding-top: 5px !important;padding-bottom: 5px !important;padding-left: 20px !important;}&#8221; el_class=&#8221;person contactnone&#8221;]T: <a href=\"tel:+48 22 692 48 35\">+48 602 218 586<\/a><br \/>\nM: <a href=\"mailto:krzysztof.ogonowski@silfra-consulting.com\">krzysztof.ogonowski@silfra-consulting.com<\/a><br \/>\n<a href=\"https:\/\/linkedin.com\/in\/krzysztof-ogonowski-9aa5331\" target=\"_blank\" rel=\"noopener noreferrer nofollow\"><i class=\"fa fa-linkedin\" style=\"color: #3640a1; background-color: transparent;\" title=\"\"><\/i><br \/>\n<\/a>[\/vc_column_text][vc_empty_space height=&#8221;50px&#8221; el_class=&#8221;none&#8221;][vc_empty_space height=&#8221;50px&#8221; el_class=&#8221;slider&#8221;][\/vc_column][vc_column width=&#8221;1\/3&#8243; css=&#8221;.vc_custom_1569513584047{padding-top: 20px !important;padding-right: 25px !important;padding-bottom: 20px !important;padding-left: 30px !important;background-color: #ffffff !important;border-radius: 4px !important;}&#8221; el_class=&#8221;boxcontact&#8221;][vc_column_text css=&#8221;&#8221; el_class=&#8221;contactnone&#8221;]<\/p>\n<h4>Pawe\u0142 Szewczyk<\/h4>\n<p>Associate Partner &amp; Co-owner[\/vc_column_text][vc_column_text css=&#8221;.vc_custom_1589219867461{padding-top: 5px !important;padding-bottom: 5px !important;padding-left: 20px !important;}&#8221; el_class=&#8221;person contactnone&#8221;]T: <a href=\"tel:+48 604 964 096\">+48 604 964 096<\/a><br \/>\nM: <a href=\"mailto:pawel.szewczyk@silfra-consulting.com\">pawel.szewczyk@silfra-consulting.com<\/a><br \/>\n<a href=\"https:\/\/www.linkedin.com\/in\/pawe%C5%82-szewczyk-083a4a71\/\" target=\"_blank\" rel=\"noopener noreferrer nofollow\"><i class=\"fa fa-linkedin\" style=\"color: #3640a1; background-color: transparent;\" title=\"\"><\/i><br \/>\n<\/a>[\/vc_column_text][vc_empty_space height=&#8221;50px&#8221; el_class=&#8221;none&#8221;][vc_empty_space height=&#8221;50px&#8221; el_class=&#8221;slider&#8221;][\/vc_column][vc_column width=&#8221;1\/3&#8243; css=&#8221;.vc_custom_1569513586848{padding-top: 20px !important;padding-right: 25px !important;padding-bottom: 20px !important;padding-left: 30px !important;background-color: #ffffff !important;border-radius: 4px !important;}&#8221; el_class=&#8221;boxcontact&#8221;][vc_column_text el_class=&#8221;contactnone&#8221;]<\/p>\n<h4>Piotr Parys<\/h4>\n<p>Board member[\/vc_column_text][vc_column_text css=&#8221;.vc_custom_1585647756527{padding-top: 5px !important;padding-bottom: 5px !important;padding-left: 20px !important;}&#8221; el_class=&#8221;person contactnone&#8221;]T: <a href=\"tel:+48 694 459 476\">+48 694 459 476<\/a><br \/>\nM: <a href=\"mailto:piotr.parys@silfra-consulting.com\">piotr.parys@silfra-consulting.com<\/a><br \/>\n<a href=\"https:\/\/linkedin.com\/in\/piotr-parys-348675\" target=\"_blank\" rel=\"noopener noreferrer nofollow\"><i class=\"fa fa-linkedin\" style=\"color: #3640a1; background-color: transparent;\" title=\"\"><\/i><br \/>\n<\/a>[\/vc_column_text][vc_empty_space height=&#8221;50px&#8221; el_class=&#8221;none&#8221;][vc_raw_html]JTVCaHVic3BvdCUyMHR5cGUlM0RjdGElMjBwb3J0YWwlM0Q4NDk4ODE4JTIwaWQlM0Q1NzlhMWFkOS03ZWI2LTQ2NzMtYTA0ZS1jOTQ1NzU2NzRmNDIlNUQ=[\/vc_raw_html][vc_empty_space height=&#8221;50px&#8221; el_class=&#8221;slider&#8221;][\/vc_column][\/vc_row][vc_row full_width=&#8221;stretch_row&#8221; css=&#8221;.vc_custom_1585595313904{background-image: url(https:\/\/www.silfra-consulting.com\/wp-content\/uploads\/2019\/07\/bluekontakt.jpg?id=7444) !important;background-position: 0 0 !important;background-repeat: no-repeat !important;}&#8221; el_class=&#8221;kontakt&#8221; el_id=&#8221;contactform&#8221;][vc_column width=&#8221;1\/2&#8243;][vc_empty_space height=&#8221;100px&#8221; el_class=&#8221;none&#8221;][vc_empty_space height=&#8221;50px&#8221; el_class=&#8221;slider&#8221;][vc_goo_maps location=&#8221;Tytusa Cha\u0142ubi\u0144skiego 9, 02-004 Warszawa&#8221; zoom=&#8221;15&#8243; css=&#8221;.vc_custom_1745486782996{border-right-width: 20px !important;border-radius: 4px !important;}&#8221;][vc_empty_space height=&#8221;50px&#8221; el_class=&#8221;slider&#8221;][vc_empty_space height=&#8221;100px&#8221; el_class=&#8221;none&#8221;][\/vc_column][vc_column width=&#8221;1\/2&#8243; el_class=&#8221;dane&#8221;][vc_empty_space height=&#8221;100px&#8221; el_class=&#8221;none&#8221;][vc_empty_space height=&#8221;50px&#8221; el_class=&#8221;slider&#8221;][vc_custom_heading text=&#8221;We will be glad to answer your questions&#8221; font_container=&#8221;tag:h2|text_align:left|color:%23ffffff&#8221; use_theme_fonts=&#8221;yes&#8221; css=&#8221;.vc_custom_1585313865496{margin-bottom: 0px !important;}&#8221;][vc_empty_space height=&#8221;30px&#8221; el_class=&#8221;none&#8221;][vc_empty_space height=&#8221;20px&#8221; el_class=&#8221;slider&#8221;][vc_raw_html]JTNDJTIxLS0lNUJpZiUyMGx0ZSUyMElFJTIwOCU1RCUzRSUwQSUzQ3NjcmlwdCUyMGNoYXJzZXQlM0QlMjJ1dGYtOCUyMiUyMHR5cGUlM0QlMjJ0ZXh0JTJGamF2YXNjcmlwdCUyMiUyMHNyYyUzRCUyMiUyRiUyRmpzLmhzZm9ybXMubmV0JTJGZm9ybXMlMkZ2Mi1sZWdhY3kuanMlMjIlM0UlM0MlMkZzY3JpcHQlM0UlMEElM0MlMjElNUJlbmRpZiU1RC0tJTNFJTBBJTNDc2NyaXB0JTIwY2hhcnNldCUzRCUyMnV0Zi04JTIyJTIwdHlwZSUzRCUyMnRleHQlMkZqYXZhc2NyaXB0JTIyJTIwc3JjJTNEJTIyJTJGJTJGanMuaHNmb3Jtcy5uZXQlMkZmb3JtcyUyRnYyLmpzJTIyJTNFJTNDJTJGc2NyaXB0JTNFJTBBJTNDc2NyaXB0JTNFJTBBJTIwJTIwaGJzcHQuZm9ybXMuY3JlYXRlJTI4JTdCJTBBJTA5cmVnaW9uJTNBJTIwJTIybmExJTIyJTJDJTBBJTA5cG9ydGFsSWQlM0ElMjAlMjI4NDk4ODE4JTIyJTJDJTBBJTA5Zm9ybUlkJTNBJTIwJTIyM2FmOTZmM2ItYzI0My00MmQyLTliOWItODBmMTRlNWY1MTgyJTIyJTBBJTdEJTI5JTNCJTBBJTNDJTJGc2NyaXB0JTNF[\/vc_raw_html][vc_empty_space height=&#8221;50px&#8221; el_class=&#8221;slider&#8221;][vc_empty_space height=&#8221;100px&#8221; el_class=&#8221;none&#8221;][\/vc_column][\/vc_row][vc_row el_class=&#8221;kontakt&#8221;][vc_column width=&#8221;1\/4&#8243;][vc_empty_space height=&#8221;100px&#8221; el_class=&#8221;none&#8221;][vc_empty_space height=&#8221;50px&#8221; el_class=&#8221;slider&#8221;][vc_column_text]<\/p>\n<h4>Office<\/h4>\n<p>Silfra Sp. z o.o. sk[\/vc_column_text][vc_column_text css=&#8221;.vc_custom_1600851191556{padding-top: 5px !important;padding-bottom: 5px !important;padding-left: 20px !important;}&#8221; el_class=&#8221;person&#8221;]Tytusa Cha\u0142ubi\u0144skiego 9 lok. 2<br \/>\nWarszawa 02-004<br \/>\nT: <a href=\"http:\/\/+48 602 218 586\" rel=\"nofollow\">+48 602 218 586<\/a><br \/>\nM: <a href=\"mailto:contact@silfra-consulting.com\">contact@silfra-consulting.com<\/a>[\/vc_column_text][vc_empty_space height=&#8221;50px&#8221; el_class=&#8221;none&#8221;][\/vc_column][vc_column width=&#8221;1\/4&#8243;][vc_empty_space height=&#8221;100px&#8221; el_class=&#8221;none&#8221;][vc_empty_space height=&#8221;50px&#8221; el_class=&#8221;slider&#8221;][vc_column_text]<\/p>\n<h4>Company register data<\/h4>\n<p>Silfra Sp. z o.o. sk[\/vc_column_text][vc_column_text css=&#8221;.vc_custom_1648134706736{padding-top: 5px !important;padding-bottom: 5px !important;padding-left: 20px !important;}&#8221; el_class=&#8221;person&#8221;]Tytusa Cha\u0142ubi\u0144skiego 9 lok. 2<br \/>\nWarszawa 02-004[\/vc_column_text][vc_empty_space height=&#8221;50px&#8221; el_class=&#8221;none&#8221;][\/vc_column][vc_column width=&#8221;2\/4&#8243;][vc_empty_space height=&#8221;100px&#8221; el_class=&#8221;none&#8221;][vc_empty_space height=&#8221;76px&#8221;][vc_column_text css=&#8221;.vc_custom_1712908481025{padding-top: 5px !important;padding-bottom: 5px !important;padding-left: 20px !important;}&#8221; el_class=&#8221;person spolka&#8221;]The Company is registered in the District Court for the capital city of Warsaw in Warsaw, XII Commercial Division of the National Court Register under the number KRS 0000717386, Tax ID Number 521-381-20-55.[\/vc_column_text][vc_empty_space height=&#8221;50px&#8221; el_class=&#8221;none&#8221;][\/vc_column][\/vc_row][vc_row css=&#8221;.vc_custom_1569514497713{border-top-width: 1px !important;border-top-color: #e5e7f2 !important;border-top-style: solid !important;}&#8221; el_class=&#8221;regulamin&#8221;][vc_column][vc_empty_space height=&#8221;50px&#8221; el_class=&#8221;none&#8221;][vc_column_text css=&#8221;.vc_custom_1585647653153{padding-top: 5px !important;padding-bottom: 5px !important;padding-left: 20px !important;}&#8221; el_class=&#8221;person&#8221;]<a href=\"https:\/\/www.silfra-consulting.com\/wp-content\/uploads\/2020\/03\/Regulamin_\u015bwiadczenia_us\u0142ug_i_p\u0142atno\u015bci_online_ENG.docx.pdf\"><i class=\"fa fa-file\" style=\"color: #3640a1; background-color: transparent; margin-right: 15px;\" title=\"\"><\/i>Regulations for Provision of Services and on-line payments<br \/>\n<\/a>[\/vc_column_text][vc_empty_space height=&#8221;100px&#8221; el_class=&#8221;none&#8221;][vc_empty_space height=&#8221;50px&#8221; el_class=&#8221;slider&#8221;][\/vc_column][\/vc_row]<\/p>\n<\/div>","protected":false},"excerpt":{"rendered":"<p>[vc_row full_width=&#8221;stretch_row&#8221; css=&#8221;.vc_custom_1568014511977{padding-top: 160px !important;padding-bottom: 120px !important;background-image: url(https:\/\/www.silfra-consulting.com\/wp-content\/uploads\/2019\/09\/kontakt_bg_09.jpg?id=8008) !important;background-position: center !important;background-repeat: no-repeat !important;background-size: cover !important;}&#8221;][vc_column][vc_empty_space height=&#8221;50px&#8221; el_class=&#8221;slider&#8221;][vc_row_inner css=&#8221;.vc_custom_1513001355456{margin-bottom: 20px !important;}&#8221;][vc_column_inner width=&#8221;1\/6&#8243;][\/vc_column_inner][vc_column_inner el_class=&#8221;tekst&#8221; width=&#8221;2\/3&#8243; css=&#8221;.vc_custom_1564392855017{padding-right: 0px !important;padding-left: 0px [&hellip;]<\/p>\n","protected":false},"author":4,"featured_media":0,"parent":0,"menu_order":0,"comment_status":"closed","ping_status":"closed","template":"","meta":{"_acf_changed":false,"content-type":"","footnotes":""},"class_list":["post-9249","page","type-page","status-publish","hentry"],"acf":[],"_links":{"self":[{"href":"https:\/\/www.silfra-consulting.com\/en\/wp-json\/wp\/v2\/pages\/9249","targetHints":{"allow":["GET"]}}],"collection":[{"href":"https:\/\/www.silfra-consulting.com\/en\/wp-json\/wp\/v2\/pages"}],"about":[{"href":"https:\/\/www.silfra-consulting.com\/en\/wp-json\/wp\/v2\/types\/page"}],"author":[{"embeddable":true,"href":"https:\/\/www.silfra-consulting.com\/en\/wp-json\/wp\/v2\/users\/4"}],"replies":[{"embeddable":true,"href":"https:\/\/www.silfra-consulting.com\/en\/wp-json\/wp\/v2\/comments?post=9249"}],"version-history":[{"count":0,"href":"https:\/\/www.silfra-consulting.com\/en\/wp-json\/wp\/v2\/pages\/9249\/revisions"}],"wp:attachment":[{"href":"https:\/\/www.silfra-consulting.com\/en\/wp-json\/wp\/v2\/media?parent=9249"}],"curies":[{"name":"wp","href":"https:\/\/api.w.org\/{rel}","templated":true}]}}