{"id":9212,"date":"2020-03-27T13:17:54","date_gmt":"2020-03-27T12:17:54","guid":{"rendered":"https:\/\/www.silfra-consulting.com\/?page_id=9212"},"modified":"2026-04-22T09:15:49","modified_gmt":"2026-04-22T07:15:49","slug":"home","status":"publish","type":"page","link":"https:\/\/www.silfra-consulting.com\/en\/","title":{"rendered":"Home"},"content":{"rendered":"<div class=\"wpb-content-wrapper\"><p>[vc_row full_width=&#8221;stretch_row&#8221; css=&#8221;.vc_custom_1569235329165{padding-top: 160px !important;padding-bottom: 70px !important;background-image: url(https:\/\/www.silfra-consulting.com\/wp-content\/uploads\/2019\/09\/klienci_bg_00.jpg?id=8007) !important;background-position: center !important;background-repeat: no-repeat !important;background-size: cover !important;}&#8221;][vc_column][vc_empty_space height=&#8221;50px&#8221; el_class=&#8221;slider&#8221;][vc_row_inner css=&#8221;.vc_custom_1513001355456{margin-bottom: 20px !important;}&#8221;][vc_column_inner width=&#8221;1\/6&#8243;][\/vc_column_inner][vc_column_inner el_class=&#8221;tekst&#8221; width=&#8221;2\/3&#8243; css=&#8221;.vc_custom_1564394936311{padding-right: 0px !important;padding-left: 0px !important;}&#8221;][vc_custom_heading text=&#8221;We Manage Change<br \/>\nWe Make Change Happen&#8221; font_container=&#8221;tag:h1|text_align:center|color:%23ffffff&#8221; use_theme_fonts=&#8221;yes&#8221; css=&#8221;.vc_custom_1585834039342{margin-bottom: 10px !important;}&#8221;][vc_custom_heading text=&#8221;Initiate and effectively implement strategic changes in organizations&#8221; font_container=&#8221;tag:p|text_align:center|color:%23ffffff&#8221; use_theme_fonts=&#8221;yes&#8221; css=&#8221;.vc_custom_1585310569548{margin-bottom: 50px !important;}&#8221;][\/vc_column_inner][vc_column_inner width=&#8221;1\/6&#8243;][\/vc_column_inner][\/vc_row_inner][\/vc_column][\/vc_row][vc_row full_width=&#8221;stretch_row_content_no_spaces&#8221; equal_height=&#8221;yes&#8221; css=&#8221;.vc_custom_1564039509657{background-color: #f7f9fb !important;}&#8221; el_class=&#8221;bg blue&#8221;][vc_column width=&#8221;1\/2&#8243; css=&#8221;.vc_custom_1639047968120{padding-top: 0px !important;}&#8221; offset=&#8221;vc_col-lg-6 vc_col-md-12 vc_hidden-sm vc_hidden-xs&#8221;][vc_row_inner css=&#8221;.vc_custom_1564040325431{background-image: url(https:\/\/www.silfra-consulting.com\/wp-content\/uploads\/2019\/07\/onas_2.jpg?id=6654) !important;}&#8221;][vc_column_inner css=&#8221;.vc_custom_1511789291663{padding-top: 0px !important;padding-bottom: 0px !important;}&#8221;][vc_empty_space height=&#8221;611px&#8221; el_class=&#8221;empty&#8221;][\/vc_column_inner][\/vc_row_inner][\/vc_column][vc_column width=&#8221;1\/2&#8243; offset=&#8221;vc_col-lg-offset-0 vc_col-lg-6 vc_col-md-offset-1 vc_col-md-10 vc_col-sm-offset-3&#8243; css=&#8221;.vc_custom_1565088234413{background-image: url(https:\/\/www.silfra-consulting.com\/wp-content\/uploads\/2019\/08\/blue_bg.jpg?id=7628) !important;}&#8221;][vc_row_inner css=&#8221;.vc_custom_1585641907480{padding-top: 94px !important;padding-bottom: 30px !important;}&#8221;][vc_column_inner width=&#8221;1\/6&#8243;][\/vc_column_inner][vc_column_inner width=&#8221;1\/2&#8243; offset=&#8221;vc_col-lg-6 vc_col-md-12&#8243; el_id=&#8221;sierotki&#8221;]<header class=\"kd-section-title col-lg-12 text-left solid-line sep-border-width-2 70px   \" ><h2 class=\"separator_on\" style=\"color: #ffffff;\">We are a consulting and training company operating in Poland and in Europe.<\/h2><div class=\"kd-separator below_title\" style=\"width:70px;\"><div class=\"kd-separator-line\" ><\/div><\/div><h6 class=\"subtitle \" style=\"color: #ffffff;\">We are a consulting and training company operating in Poland and in Europe. For over 20 years we have been guiding our Clients through changes that determine the future of their organizations. We deliver proven step-by-step approach, which is used by 80% of \u201cFortune 100\u201d companies.<\/h6><\/header>[\/vc_column_inner][\/vc_row_inner][vc_row_inner css=&#8221;.vc_custom_1585641911456{padding-bottom: 94px !important;}&#8221;][vc_column_inner width=&#8221;1\/6&#8243; offset=&#8221;vc_hidden-md vc_hidden-sm vc_hidden-xs&#8221;][\/vc_column_inner][vc_column_inner width=&#8221;1\/4&#8243; css=&#8221;.vc_custom_1519744690875{padding-right: 30px !important;}&#8221; offset=&#8221;vc_col-lg-3 vc_col-md-6&#8243;]<div class=\"kd_counter  large-counter count_left \" ><div class=\"kd_counter_content\"><h4 class=\"kd_counter_number\"><span class=\"kd_number_string\" style=\"color: #ffffff;\" data-from=\"0\" data-to=\"100\" data-refresh-interval=\"50\" >0<\/span>\n                                  <span class=\"kd_counter_units\" style=\"color: #ffffff;\">+<\/span><\/h4><div class=\"kd_counter_text\" style=\"color: #ffffff;\">Organisations in which<br \/>\nwe have implemented changes<\/div><\/div><\/div>[\/vc_column_inner][vc_column_inner width=&#8221;1\/4&#8243; css=&#8221;.vc_custom_1519744696443{padding-right: 30px !important;}&#8221; offset=&#8221;vc_col-lg-3 vc_col-md-6&#8243;]<div class=\"kd_counter  large-counter count_left \" ><div class=\"kd_counter_content\"><h4 class=\"kd_counter_number\"><span class=\"kd_number_string\" style=\"color: #ffffff;\" data-from=\"0\" data-to=\"999\" data-refresh-interval=\"50\" >0<\/span>\n                                  <span class=\"kd_counter_units\" style=\"color: #ffffff;\">+<\/span><\/h4><div class=\"kd_counter_text\" style=\"color: #ffffff;\">Number of graduates<br \/>\nProsci Programs<\/div><\/div><\/div>[\/vc_column_inner][\/vc_row_inner][\/vc_column][\/vc_row][vc_row full_width=&#8221;stretch_row&#8221; css=&#8221;.vc_custom_1564394245433{padding-bottom: 100px !important;}&#8221;][vc_column][vc_row_inner css=&#8221;.vc_custom_1513720913586{padding-top: 100px !important;padding-right: 100px !important;padding-bottom: 80px !important;padding-left: 100px !important;}&#8221;][vc_column_inner width=&#8221;1\/2&#8243; css=&#8221;.vc_custom_1519721380514{padding-right: 40px !important;}&#8221; offset=&#8221;vc_col-lg-6 vc_col-md-12&#8243;]<header class=\"kd-section-title col-lg-12 text-left  kd-animated fadeIn  \" data-animation-delay=200><h2 class=\"separator_off\" >Sources of our inspiration<\/h2><h6 class=\"subtitle \" style=\"font-size: 15px;\">Silfra Consulting is part of PROSCI Inc. network, a global leader in Change Management and the BPI Group, an international consulting company based in Paris.<br \/>\nWe cooperate broadly with Microsoft, which uses Prosci \u00ae methodology in implementing its solutions worldwide.<\/h6><\/header>[vc_empty_space height=&#8221;40px&#8221;][vc_single_image source=&#8221;external_link&#8221; alignment=&#8221;center&#8221; external_style=&#8221;vc_box_shadow&#8221; css_animation=&#8221;fadeIn&#8221; custom_src=&#8221;https:\/\/www.silfra-consulting.com\/wp-content\/uploads\/2019\/07\/onas4.jpg&#8221;][\/vc_column_inner][vc_column_inner width=&#8221;1\/2&#8243; css=&#8221;.vc_custom_1519721387843{padding-left: 40px !important;}&#8221; offset=&#8221;vc_col-lg-6 vc_col-md-12&#8243;][vc_single_image source=&#8221;external_link&#8221; alignment=&#8221;center&#8221; external_style=&#8221;vc_box_shadow&#8221; css_animation=&#8221;fadeIn&#8221; custom_src=&#8221;https:\/\/www.silfra-consulting.com\/wp-content\/uploads\/2019\/08\/onas_3_2.jpg&#8221;][vc_empty_space height=&#8221;60px&#8221;]<header class=\"kd-section-title col-lg-12 text-left  kd-animated fadeIn  \" data-animation-delay=200><h2 class=\"separator_off\" >What makes us stand out?<\/h2><h6 class=\"subtitle \" style=\"font-size: 15px;\">Our goal is to effectively implement practical, best practice-based solutions in specific environment of each organization. We are co-developing them with managers who are later responsible for their implementation. We make sure our Clients achieve their business goals of change with a high level of employee engagement.<\/h6><\/header>[\/vc_column_inner][\/vc_row_inner][\/vc_column][\/vc_row][vc_row full_width=&#8221;stretch_row&#8221; css=&#8221;.vc_custom_1668768971214{padding-bottom: 100px !important;}&#8221; el_id=&#8221;1678&#8243;][vc_column]<header class=\"kd-section-title col-lg-12 text-left  kd-animated fadeIn  \" data-animation-delay=200><h2 class=\"separator_off\" >Testimonials<\/h2><\/header>\r\n                <div class=\"testimonial-cards tcards-parent black-navigation kd-tcards-69ef3c82d11b1 \">\r\n                    <div class=\"tcards-content\"><div class=\"key-tcards kd-testimonial-card-69ef3c82d1263 author-bottom\" ><div class=\"tcards_message\" >\r\n                        <h6 >It was great to connect the knowledge with practical exercises and to get to know many experienced people. Onsite training is a great additional value. Sharing knowledge and experience is priceless. It was also a great space to learn and develop. Krzysztof was a great listener and advisor, with great energy and will to support. The training was good not only from a CM perspective but also from a PM perspective. It was a great experience, from awareness through desire, knowledge, and ability, learning to reinforcement.<\/h6><\/div><div class=\"tcards_header\">\r\n                          <div class=\"tcards-image\"><\/div>\r\n                          <h4 class=\"tcards-name\" >Marta Py\u017cy\u0144ska-W\u00f3jtowicz<\/h4>\r\n                          <p class=\"tcards-job\" >Change and Digital Adoption Manager at Capgemini<\/p>\r\n                      <\/div><\/div><div class=\"key-tcards kd-testimonial-card-69ef3c82d1296 author-bottom\" ><div class=\"tcards_message\" >\r\n                        <h6 >This is one of the best training I have ever attended. It teaches you a practical approach toward the change and gives you all kinds of tools to support the change. It is a must-do training not only for Change Managers but also for all other kinds of Managers that deal with people and products in organizations.<\/h6><\/div><div class=\"tcards_header\">\r\n                          <div class=\"tcards-image\"><\/div>\r\n                          <h4 class=\"tcards-name\" >Karolina<\/h4>\r\n                          <p class=\"tcards-job\" >Adoption Manager at EY<\/p>\r\n                      <\/div><\/div><div class=\"key-tcards kd-testimonial-card-69ef3c82d12bc author-bottom\" ><div class=\"tcards_message\" >\r\n                        <h6 >The workshop fully exceeded my expectations! I now have a great set of tools available to create a structured Change Management approach and ensure success. On top, it was really fun and well-organized!<\/h6><\/div><div class=\"tcards_header\">\r\n                          <div class=\"tcards-image\"><\/div>\r\n                          <h4 class=\"tcards-name\" >Carolle M\u00fcller<\/h4>\r\n                          <p class=\"tcards-job\" >HR Director at Merck KGaA, Darmstadt, Germany<\/p>\r\n                      <\/div><\/div><div class=\"key-tcards kd-testimonial-card-69ef3c82d12e1 author-bottom\" ><div class=\"tcards_message\" >\r\n                        <h6 >This is not only a great course, it is essential learning for anyone wanting to operate effectively in the change management landscape (it is also a lot of fun).<\/h6><\/div><div class=\"tcards_header\">\r\n                          <div class=\"tcards-image\"><\/div>\r\n                          <h4 class=\"tcards-name\" >Roland Monger<\/h4>\r\n                          <p class=\"tcards-job\" >Business Change Manager at the University of Plymouth<\/p>\r\n                      <\/div><\/div><\/div>\r\n                <\/div><script type=\"text\/javascript\">\r\n          \t\t\t\tjQuery(document).ready(function($){\r\n                    if ($(\".testimonial-cards.kd-tcards-69ef3c82d11b1 .tcards-content\").length) {\r\n                      $(\".testimonial-cards.kd-tcards-69ef3c82d11b1 .tcards-content\").owlCarousel({\r\n                        stageClass: \"owl-wrapper\",\r\n                        stageOuterClass: \"owl-wrapper-outer\",\r\n                        loadedClass: \"owl-carousel\",responsive:{\r\n                            0:{\r\n                                items:1,\r\n                            },\r\n                            769:{\r\n                                items:3,\r\n                            }\r\n                        },\r\n                        center: true,\r\n                        loop: true,\r\n                        rewind: true,nav: true,\r\n                          navSpeed: 500,\r\n                          dots: false,autoplay: true,autoplayTimeout: 10000,autoplayHoverPause: true,\r\n                      });\r\n                    }\r\n          \t\t\t\t});\r\n          \t\t\t<\/script>[vc_empty_space height=&#8221;100px&#8221; el_class=&#8221;slider&#8221;][\/vc_column][\/vc_row][vc_row css=&#8221;.vc_custom_1568988707932{margin-top: -100px !important;padding-bottom: 30px !important;background-color: #ffffff !important;}&#8221; el_id=&#8221;text&#8221; el_class=&#8221;whitebox&#8221;][vc_column width=&#8221;1\/3&#8243;][vc_empty_space height=&#8221;50px&#8221; el_class=&#8221;slider&#8221;]<header class=\"kd-section-title col-lg-12 text-left solid-line sep-border-width-2 70   \" ><h2 class=\"separator_on\" style=\"color: #1f1f1f;\">Main areas of our competencies<br \/>\nand experience<\/h2><div class=\"kd-separator below_title\" style=\"width:70;\"><div class=\"kd-separator-line\" style=\"border-color:#bc2b26\"><\/div><\/div><\/header>[\/vc_column][vc_column width=&#8221;1\/3&#8243;][vc_column_text]Our projects focus mainly on digital transformation, implementation of IT solutions, customer focus strategies, organizational development &amp; efficiency,[\/vc_column_text][\/vc_column][vc_column width=&#8221;1\/3&#8243;][vc_column_text]process automation, mergers and acquisitions, as well as the development of competences for effective change management.[\/vc_column_text][\/vc_column][\/vc_row][vc_row full_width=&#8221;stretch_row&#8221; css=&#8221;.vc_custom_1568013905822{padding-top: 170px !important;padding-bottom: 100px !important;background-image: url(https:\/\/www.silfra-consulting.com\/wp-content\/uploads\/2019\/09\/ikony_bg_09.jpg?id=8005) !important;}&#8221; el_class=&#8221;oferta&#8221;][vc_column]<header class=\"kd-section-title col-lg-12 text-center solid-line sep-border-width-2 70    vc_custom_1585311735459\" ><h2 class=\"separator_on\" style=\"color: #ffffff;\">Key areas expertise<\/h2><div class=\"kd-separator below_title\" style=\"width:70;\"><div class=\"kd-separator-line\" style=\"border-color:#ffffff\"><\/div><\/div><\/header>[vc_row_inner][vc_column_inner width=&#8221;1\/2&#8243;][vc_raw_html]JTNDYSUyMGhyZWYlM0QlMjIlMkZlbiUyRm91ci1vZmZlciUyRiUyMzE0ODg3MjU0MTc4MjUtMjc1ODkyMGUtZTdlZjQ0ZjYtZjRmNCUyMiUzRSUwQSUzQ2RpdiUyMGNsYXNzJTNEJTIya2V5LWljb24tYm94JTIwaWNvbi1kZWZhdWx0JTIwaWNvbi1sZWZ0JTIwY29udC1sZWZ0JTIwd2l0aC1ib3JkZXIlMjIlM0UlM0NkaXYlMjBjbGFzcyUzRCUyMmliLXdyYXBwZXIlMjIlM0UlM0NkaXYlMjBjbGFzcyUzRCUyMnR0LWljb25ib3gtY3VzdG9taW1nJTIwaW1nX21lZGl1bV9zaXplJTIyJTNFJTNDaW1nJTIwd2lkdGglM0QlMjI0NSUyMiUyMGhlaWdodCUzRCUyMjQ4JTIyJTIwc3JjJTNEJTIyaHR0cHMlM0ElMkYlMkZ3d3cuc2lsZnJhLWNvbnN1bHRpbmcuY29tJTJGd3AtY29udGVudCUyRnVwbG9hZHMlMkYyMDE5JTJGMDclMkZpY29uMS5wbmclMjIlMjBjbGFzcyUzRCUyMmF0dGFjaG1lbnQtZnVsbCUyMiUyMGFsdCUzRCUyMiUyMiUzRSUzQyUyRmRpdiUzRSUzQ2g0JTIwY2xhc3MlM0QlMjJzZXJ2aWNlLWhlYWRpbmclMjIlMjBzdHlsZSUzRCUyMmNvbG9yJTNBJTIwJTIzZmZmZmZmJTNCJTIyJTNFQ2hhbmdlJTIwTWFuYWdlbWVudCUzQyUyRmg0JTNFJTNDJTJGZGl2JTNFJTNDJTJGZGl2JTNFJTBBJTNDJTJGYSUzRQ==[\/vc_raw_html][vc_empty_space][vc_raw_html]JTNDYSUyMGhyZWYlM0QlMjIlMkZlbiUyRm91ci1vZmZlciUyRiUyMzE0ODk1MDM5NjQ5MjEtM2FjYmRkZTEtMGRjZjQ0ZjYtZjRmNCUyMiUzRSUwQSUzQ2RpdiUyMGNsYXNzJTNEJTIya2V5LWljb24tYm94JTIwaWNvbi1kZWZhdWx0JTIwaWNvbi1sZWZ0JTIwY29udC1sZWZ0JTIwd2l0aC1ib3JkZXIlMjAlMjAlMjIlM0UlM0NkaXYlMjBjbGFzcyUzRCUyMmliLXdyYXBwZXIlMjIlM0UlM0NkaXYlMjBjbGFzcyUzRCUyMnR0LWljb25ib3gtY3VzdG9taW1nJTIwaW1nX21lZGl1bV9zaXplJTIyJTNFJTNDaW1nJTIwd2lkdGglM0QlMjI1MiUyMiUyMGhlaWdodCUzRCUyMjUwJTIyJTIwc3JjJTNEJTIyaHR0cHMlM0ElMkYlMkZ3d3cuc2lsZnJhLWNvbnN1bHRpbmcuY29tJTJGd3AtY29udGVudCUyRnVwbG9hZHMlMkYyMDE5JTJGMDclMkZpY29uMi5wbmclMjIlMjBjbGFzcyUzRCUyMmF0dGFjaG1lbnQtZnVsbCUyMiUyMGFsdCUzRCUyMiUyMiUzRSUzQyUyRmRpdiUzRSUzQ2g0JTIwY2xhc3MlM0QlMjJzZXJ2aWNlLWhlYWRpbmclMjIlMjBzdHlsZSUzRCUyMmNvbG9yJTNBJTIwJTIzZmZmZmZmJTNCJTIyJTNFQ2hhbmdlJTIwTWFuYWdlbWVudCUyMC0lMjBQcm9zY2klQzIlQUUlMjB0cmFpbmluZ3MlM0MlMkZoNCUzRSUzQyUyRmRpdiUzRSUzQyUyRmRpdiUzRSUwQSUzQyUyRmElM0U=[\/vc_raw_html][vc_empty_space][vc_raw_html]JTNDYSUyMGhyZWYlM0QlMjIlMkZlbiUyRm91ci1vZmZlciUyRiUyMzE0ODk1MDM5NjM3ODQtNWIyYmUwMzktNWNlZTQ0ZjYtZjRmNCUyMiUzRSUwQSUzQ2RpdiUyMGNsYXNzJTNEJTIya2V5LWljb24tYm94JTIwaWNvbi1kZWZhdWx0JTIwaWNvbi1sZWZ0JTIwY29udC1sZWZ0JTIwd2l0aC1ib3JkZXIlMjIlM0UlM0NkaXYlMjBjbGFzcyUzRCUyMmliLXdyYXBwZXIlMjIlM0UlM0NkaXYlMjBjbGFzcyUzRCUyMnR0LWljb25ib3gtY3VzdG9taW1nJTIwaW1nX21lZGl1bV9zaXplJTIyJTNFJTNDaW1nJTIwd2lkdGglM0QlMjI1MiUyMiUyMGhlaWdodCUzRCUyMjUwJTIyJTIwc3JjJTNEJTIyaHR0cHMlM0ElMkYlMkZ3d3cuc2lsZnJhLWNvbnN1bHRpbmcuY29tJTJGd3AtY29udGVudCUyRnVwbG9hZHMlMkYyMDE5JTJGMDclMkZpY29uNy5wbmclMjIlMjBjbGFzcyUzRCUyMmF0dGFjaG1lbnQtZnVsbCUyMiUyMGFsdCUzRCUyMiUyMiUzRSUzQyUyRmRpdiUzRSUzQ2g0JTIwY2xhc3MlM0QlMjJzZXJ2aWNlLWhlYWRpbmclMjIlMjBzdHlsZSUzRCUyMmNvbG9yJTNBJTIwJTIzZmZmZmZmJTNCJTIyJTNFT3JnYW5pemF0aW9uYWwlMjBEZXZlbG9wbWVudCUyMGFuZCUyMGVmZmVjdGl2ZW5lc3MlM0MlMkZoNCUzRSUzQyUyRmRpdiUzRSUzQyUyRmRpdiUzRSUwQSUzQyUyRmElM0U=[\/vc_raw_html][\/vc_column_inner][vc_column_inner width=&#8221;1\/2&#8243;][vc_raw_html]JTNDYSUyMGhyZWYlM0QlMjIlMkZlbiUyRm91ci1vZmZlciUyRiUyMzE0ODk1MDM5NjI0ODEtYjExNjhkODAtZWEzODQ0ZjYtZjRmNCUyMiUzRSUwQSUzQ2RpdiUyMGNsYXNzJTNEJTIya2V5LWljb24tYm94JTIwaWNvbi1kZWZhdWx0JTIwaWNvbi1sZWZ0JTIwY29udC1sZWZ0JTIwd2l0aC1ib3JkZXIlMjAlMjAlMjIlM0UlM0NkaXYlMjBjbGFzcyUzRCUyMmliLXdyYXBwZXIlMjIlM0UlM0NkaXYlMjBjbGFzcyUzRCUyMnR0LWljb25ib3gtY3VzdG9taW1nJTIwaW1nX3NtYWxsX3NpemUlMjIlM0UlM0NpbWclMjB3aWR0aCUzRCUyMjUwJTIyJTIwaGVpZ2h0JTNEJTIyNDglMjIlMjBzcmMlM0QlMjJodHRwcyUzQSUyRiUyRnd3dy5zaWxmcmEtY29uc3VsdGluZy5jb20lMkZ3cC1jb250ZW50JTJGdXBsb2FkcyUyRjIwMTklMkYwNyUyRmljb240LnBuZyUyMiUyMGNsYXNzJTNEJTIyYXR0YWNobWVudC1mdWxsJTIyJTIwYWx0JTNEJTIyJTIyJTNFJTNDJTJGZGl2JTNFJTNDaDQlMjBjbGFzcyUzRCUyMnNlcnZpY2UtaGVhZGluZyUyMiUyMHN0eWxlJTNEJTIyY29sb3IlM0ElMjAlMjNmZmZmZmYlM0IlMjIlM0VMZWFkZXJzaGlwJTIwZGV2ZWxvcG1lbnQlMjBhbmQlMjB0ZWFtJTIwYnVpbGRpbmclM0MlMkZoNCUzRSUzQyUyRmRpdiUzRSUzQyUyRmRpdiUzRSUwQSUzQyUyRmElM0U=[\/vc_raw_html][vc_empty_space][vc_raw_html]JTNDYSUyMGhyZWYlM0QlMjIlMkZlbiUyRm91ci1vZmZlciUyRiUyMzE1NjQwNDM2NTI5OTMtYzc2MzNkZWEtMGQ3YiUyMiUzRSUwQSUzQ2RpdiUyMGNsYXNzJTNEJTIya2V5LWljb24tYm94JTIwaWNvbi1kZWZhdWx0JTIwaWNvbi1sZWZ0JTIwY29udC1sZWZ0JTIwd2l0aC1ib3JkZXIlMjIlM0UlM0NkaXYlMjBjbGFzcyUzRCUyMmliLXdyYXBwZXIlMjIlM0UlM0NkaXYlMjBjbGFzcyUzRCUyMnR0LWljb25ib3gtY3VzdG9taW1nJTIwaW1nX3NtYWxsX3NpemUlMjIlM0UlM0NpbWclMjB3aWR0aCUzRCUyMjQ4JTIyJTIwaGVpZ2h0JTNEJTIyNDglMjIlMjBzcmMlM0QlMjJodHRwcyUzQSUyRiUyRnd3dy5zaWxmcmEtY29uc3VsdGluZy5jb20lMkZ3cC1jb250ZW50JTJGdXBsb2FkcyUyRjIwMTklMkYwNyUyRmljb241LnBuZyUyMiUyMGNsYXNzJTNEJTIyYXR0YWNobWVudC1mdWxsJTIyJTIwYWx0JTNEJTIyJTIyJTNFJTNDJTJGZGl2JTNFJTNDaDQlMjBjbGFzcyUzRCUyMnNlcnZpY2UtaGVhZGluZyUyMiUyMHN0eWxlJTNEJTIyY29sb3IlM0ElMjAlMjNmZmZmZmYlM0IlMjIlM0VQcm9jZXNzZXMlMjBvcHRpbWlzYXRpb24lMjBhbmQlMjBhdXRvbWF0aW9uJTNDJTJGaDQlM0UlM0MlMkZkaXYlM0UlM0MlMkZkaXYlM0UlMEElM0MlMkZhJTNF[\/vc_raw_html][\/vc_column_inner][\/vc_row_inner][\/vc_column][\/vc_row][vc_row full_width=&#8221;stretch_row&#8221; css=&#8221;.vc_custom_1719230398170{padding-top: 100px !important;padding-bottom: 100px !important;}&#8221; el_id=&#8221;partnerzy&#8221;][vc_column][vc_empty_space height=&#8221;50px&#8221; el_class=&#8221;slider&#8221;]<header class=\"kd-section-title col-lg-12 text-center solid-line sep-border-width-2 70    vc_custom_1585311821468\" ><h2 class=\"separator_on\" style=\"color: #1f1f1f;\">Our partners in Poland and worldwide<\/h2><div class=\"kd-separator below_title\" style=\"width:70;\"><div class=\"kd-separator-line\" style=\"border-color:#bc2b26\"><\/div><\/div><\/header><div class=\"slider clients no-effect kd-client-69ef3c82d1398  \"><div class=\"clients-content\"><a href=\"https:\/\/www.prosci.com\/\" target=\"\" rel=\"nofollow noopener\"><img loading=\"lazy\" decoding=\"async\" width=\"1950\" height=\"983\" src=\"https:\/\/www.silfra-consulting.com\/wp-content\/uploads\/2026\/04\/Prosci_partner_bordowe.png\" class=\"attachment-full\" alt=\"\" title=\"Prosci_partner_bordowe\" srcset=\"https:\/\/www.silfra-consulting.com\/wp-content\/uploads\/2026\/04\/Prosci_partner_bordowe.png 1950w, https:\/\/www.silfra-consulting.com\/wp-content\/uploads\/2026\/04\/Prosci_partner_bordowe-300x151.png 300w, https:\/\/www.silfra-consulting.com\/wp-content\/uploads\/2026\/04\/Prosci_partner_bordowe-1024x516.png 1024w, https:\/\/www.silfra-consulting.com\/wp-content\/uploads\/2026\/04\/Prosci_partner_bordowe-768x387.png 768w, https:\/\/www.silfra-consulting.com\/wp-content\/uploads\/2026\/04\/Prosci_partner_bordowe-1536x774.png 1536w\" sizes=\"auto, (max-width: 1950px) 100vw, 1950px\"><\/a><\/div><div class=\"clients-content\"><a href=\"https:\/\/www.microsoft.com\/\" target=\"\" rel=\"nofollow noopener\"><img loading=\"lazy\" decoding=\"async\" width=\"248\" height=\"53\" src=\"https:\/\/www.silfra-consulting.com\/wp-content\/uploads\/2019\/07\/microsoft.png\" class=\"attachment-full\" alt=\"\" title=\"microsoft\"><\/a><\/div><div class=\"clients-content\"><a href=\"https:\/\/stowarzyszenieim.org\/\" target=\"\" rel=\"nofollow noopener\"><img loading=\"lazy\" decoding=\"async\" width=\"968\" height=\"425\" src=\"https:\/\/www.silfra-consulting.com\/wp-content\/uploads\/2024\/08\/sim_logo.png\" class=\"attachment-full\" alt=\"\" title=\"sim_logo\" srcset=\"https:\/\/www.silfra-consulting.com\/wp-content\/uploads\/2024\/08\/sim_logo.png 968w, https:\/\/www.silfra-consulting.com\/wp-content\/uploads\/2024\/08\/sim_logo-300x132.png 300w, https:\/\/www.silfra-consulting.com\/wp-content\/uploads\/2024\/08\/sim_logo-768x337.png 768w\" sizes=\"auto, (max-width: 968px) 100vw, 968px\"><\/a><\/div><div class=\"clients-content\"><a href=\"https:\/\/hrstowarzyszenie.pl\/\" target=\"\" rel=\"nofollow noopener\"><img loading=\"lazy\" decoding=\"async\" width=\"2560\" height=\"604\" src=\"https:\/\/www.silfra-consulting.com\/wp-content\/uploads\/2024\/06\/logo_pshr_pl-scaled.jpg\" class=\"attachment-full\" alt=\"\" title=\"logo_pshr_pl\" srcset=\"https:\/\/www.silfra-consulting.com\/wp-content\/uploads\/2024\/06\/logo_pshr_pl-scaled.jpg 2560w, https:\/\/www.silfra-consulting.com\/wp-content\/uploads\/2024\/06\/logo_pshr_pl-300x71.jpg 300w, https:\/\/www.silfra-consulting.com\/wp-content\/uploads\/2024\/06\/logo_pshr_pl-1024x241.jpg 1024w, https:\/\/www.silfra-consulting.com\/wp-content\/uploads\/2024\/06\/logo_pshr_pl-768x181.jpg 768w, https:\/\/www.silfra-consulting.com\/wp-content\/uploads\/2024\/06\/logo_pshr_pl-1536x362.jpg 1536w, https:\/\/www.silfra-consulting.com\/wp-content\/uploads\/2024\/06\/logo_pshr_pl-2048x483.jpg 2048w\" sizes=\"auto, (max-width: 2560px) 100vw, 2560px\"><\/a><\/div><\/div><script type=\"text\/javascript\">\r\n              jQuery(document).ready(function($){\r\n                if ($(\".slider.clients.kd-client-69ef3c82d1398\").length) {\r\n                  $(\".slider.clients.kd-client-69ef3c82d1398\").owlCarousel({\r\n                    stageClass: \"owl-wrapper\",\r\n                    stageOuterClass: \"owl-wrapper-outer\",\r\n                    loadedClass: \"owl-carousel\",responsiveClass:true,\r\n                    responsive:{\r\n                      0:{\r\n                          items:1,dots: false,},\r\n                      415:{\r\n                          items:3,dots: false,},\r\n                      960:{\r\n                          items:3,dots: false,}\r\n                    },loop: true,autoplay: true,autoplayTimeout: 3000,\r\n                  });\r\n                }\r\n              });\r\n            <\/script>[\/vc_column][\/vc_row][vc_row full_width=&#8221;stretch_row&#8221; el_class=&#8221;newsletter&#8221;][vc_column css=&#8221;.vc_custom_1577116370684{border-bottom-width: 1px !important;border-bottom-color: rgba(255,255,255,0.5) !important;border-bottom-style: solid !important;}&#8221;][vc_empty_space height=&#8221;50px&#8221; el_class=&#8221;slider&#8221;]<header class=\"kd-section-title col-lg-12 text-center    \" ><h2 class=\"separator_off\" >Stay connected with practical knowledge<br \/>\nabout implementing changes<\/h2><h6 class=\"subtitle \" >Subscribe to the Newsletter<\/h6><\/header>[vc_raw_html]JTNDJTIxLS0lNUJpZiUyMGx0ZSUyMElFJTIwOCU1RCUzRSUwQSUzQ3NjcmlwdCUyMGNoYXJzZXQlM0QlMjJ1dGYtOCUyMiUyMHR5cGUlM0QlMjJ0ZXh0JTJGamF2YXNjcmlwdCUyMiUyMHNyYyUzRCUyMiUyRiUyRmpzLmhzZm9ybXMubmV0JTJGZm9ybXMlMkZ2Mi1sZWdhY3kuanMlMjIlM0UlM0MlMkZzY3JpcHQlM0UlMEElM0MlMjElNUJlbmRpZiU1RC0tJTNFJTBBJTNDc2NyaXB0JTIwY2hhcnNldCUzRCUyMnV0Zi04JTIyJTIwdHlwZSUzRCUyMnRleHQlMkZqYXZhc2NyaXB0JTIyJTIwc3JjJTNEJTIyJTJGJTJGanMuaHNmb3Jtcy5uZXQlMkZmb3JtcyUyRnYyLmpzJTIyJTNFJTNDJTJGc2NyaXB0JTNFJTBBJTNDc2NyaXB0JTNFJTBBJTIwJTIwaGJzcHQuZm9ybXMuY3JlYXRlJTI4JTdCJTBBJTA5cmVnaW9uJTNBJTIwJTIybmExJTIyJTJDJTBBJTA5cG9ydGFsSWQlM0ElMjAlMjI4NDk4ODE4JTIyJTJDJTBBJTA5Zm9ybUlkJTNBJTIwJTIyMWExMTczZDMtMDMyMC00ODZjLWFlMWQtNGQ2Y2FhNDJjZjFhJTIyJTBBJTdEJTI5JTNCJTBBJTNDJTJGc2NyaXB0JTNF[\/vc_raw_html][vc_empty_space height=&#8221;140px&#8221; el_class=&#8221;none&#8221;][\/vc_column][\/vc_row]<\/p>\n<\/div>","protected":false},"excerpt":{"rendered":"<p>[vc_row full_width=&#8221;stretch_row&#8221; css=&#8221;.vc_custom_1569235329165{padding-top: 160px !important;padding-bottom: 70px !important;background-image: url(https:\/\/www.silfra-consulting.com\/wp-content\/uploads\/2019\/09\/klienci_bg_00.jpg?id=8007) !important;background-position: center !important;background-repeat: no-repeat !important;background-size: cover !important;}&#8221;][vc_column][vc_empty_space height=&#8221;50px&#8221; el_class=&#8221;slider&#8221;][vc_row_inner css=&#8221;.vc_custom_1513001355456{margin-bottom: 20px !important;}&#8221;][vc_column_inner width=&#8221;1\/6&#8243;][\/vc_column_inner][vc_column_inner el_class=&#8221;tekst&#8221; width=&#8221;2\/3&#8243; css=&#8221;.vc_custom_1564394936311{padding-right: 0px !important;padding-left: 0px [&hellip;]<\/p>\n","protected":false},"author":4,"featured_media":0,"parent":0,"menu_order":0,"comment_status":"closed","ping_status":"closed","template":"","meta":{"_acf_changed":false,"content-type":"","footnotes":""},"class_list":["post-9212","page","type-page","status-publish","hentry"],"acf":[],"_links":{"self":[{"href":"https:\/\/www.silfra-consulting.com\/en\/wp-json\/wp\/v2\/pages\/9212","targetHints":{"allow":["GET"]}}],"collection":[{"href":"https:\/\/www.silfra-consulting.com\/en\/wp-json\/wp\/v2\/pages"}],"about":[{"href":"https:\/\/www.silfra-consulting.com\/en\/wp-json\/wp\/v2\/types\/page"}],"author":[{"embeddable":true,"href":"https:\/\/www.silfra-consulting.com\/en\/wp-json\/wp\/v2\/users\/4"}],"replies":[{"embeddable":true,"href":"https:\/\/www.silfra-consulting.com\/en\/wp-json\/wp\/v2\/comments?post=9212"}],"version-history":[{"count":69,"href":"https:\/\/www.silfra-consulting.com\/en\/wp-json\/wp\/v2\/pages\/9212\/revisions"}],"predecessor-version":[{"id":14047,"href":"https:\/\/www.silfra-consulting.com\/en\/wp-json\/wp\/v2\/pages\/9212\/revisions\/14047"}],"wp:attachment":[{"href":"https:\/\/www.silfra-consulting.com\/en\/wp-json\/wp\/v2\/media?parent=9212"}],"curies":[{"name":"wp","href":"https:\/\/api.w.org\/{rel}","templated":true}]}}